{"id":40,"date":"2024-02-12T17:56:50","date_gmt":"2024-02-12T16:56:50","guid":{"rendered":"https:\/\/antwandigital.ca\/pointe-du-buisson\/?page_id=40"},"modified":"2024-03-07T09:57:25","modified_gmt":"2024-03-07T14:57:25","slug":"a-propos","status":"publish","type":"page","link":"https:\/\/antwandigital.ca\/pointe-du-buisson\/a-propos\/","title":{"rendered":"\u00c0 propos"},"content":{"rendered":"","protected":false},"excerpt":{"rendered":"","protected":false},"author":4,"featured_media":0,"parent":0,"menu_order":0,"comment_status":"closed","ping_status":"closed","template":"","meta":{"inline_featured_image":false,"footnotes":""},"class_list":["post-40","page","type-page","status-publish","hentry"],"acf":[],"yoast_head":"<!-- This site is optimized with the Yoast SEO plugin v22.1 - https:\/\/yoast.com\/wordpress\/plugins\/seo\/ -->\n<title>\u00c0 propos - Pointe-du-Buisson<\/title>\n<meta name=\"description\" content=\"\u00c0 propos: Pointe-du-Buisson est un lieu vivant d\u2019\u00e9changes, de savoirs et de r\u00e9f\u00e9rence qui permet l\u2019avancement des connaissances scientifiques, plus particuli\u00e8rement de l\u2019arch\u00e9ologie.\" \/>\n<meta name=\"robots\" content=\"index, follow, max-snippet:-1, max-image-preview:large, max-video-preview:-1\" \/>\n<link rel=\"canonical\" href=\"https:\/\/antwandigital.ca\/pointe-du-buisson\/a-propos\/\" \/>\n<meta property=\"og:locale\" content=\"fr_FR\" \/>\n<meta property=\"og:type\" content=\"article\" \/>\n<meta property=\"og:title\" content=\"\u00c0 propos\" \/>\n<meta property=\"og:description\" content=\"\u00c0 propos: Pointe-du-Buisson est un lieu vivant d\u2019\u00e9changes, de savoirs et de r\u00e9f\u00e9rence qui permet l\u2019avancement des connaissances scientifiques, plus particuli\u00e8rement de l\u2019arch\u00e9ologie.\" \/>\n<meta property=\"og:url\" content=\"https:\/\/antwandigital.ca\/pointe-du-buisson\/a-propos\/\" \/>\n<meta property=\"og:site_name\" content=\"Pointe-du-Buisson\" \/>\n<meta property=\"article:publisher\" content=\"https:\/\/www.facebook.com\/pointedubuisson.museequebecoisdarcheologie?fref=ts\" \/>\n<meta property=\"article:modified_time\" content=\"2024-03-07T14:57:25+00:00\" \/>\n<meta property=\"og:image\" content=\"https:\/\/antwandigital.ca\/pointe-du-buisson\/wp-content\/uploads\/2024\/03\/propos.png\" \/>\n\t<meta property=\"og:image:width\" content=\"1884\" \/>\n\t<meta property=\"og:image:height\" content=\"1019\" \/>\n\t<meta property=\"og:image:type\" content=\"image\/png\" \/>\n<meta name=\"twitter:card\" content=\"summary_large_image\" \/>\n<meta name=\"twitter:title\" content=\"\u00c0 propos\" \/>\n<meta name=\"twitter:description\" content=\"\u00c0 propos: Pointe-du-Buisson est un lieu vivant d\u2019\u00e9changes, de savoirs et de r\u00e9f\u00e9rence qui permet l\u2019avancement des connaissances scientifiques, plus particuli\u00e8rement de l\u2019arch\u00e9ologie.\" \/>\n<meta name=\"twitter:image\" content=\"https:\/\/antwandigital.ca\/pointe-du-buisson\/wp-content\/uploads\/2024\/03\/propos.png\" \/>\n<meta name=\"twitter:site\" content=\"@PointeDuBuisson\" \/>\n<script type=\"application\/ld+json\" class=\"yoast-schema-graph\">{\"@context\":\"https:\/\/schema.org\",\"@graph\":[{\"@type\":\"WebPage\",\"@id\":\"https:\/\/antwandigital.ca\/pointe-du-buisson\/a-propos\/\",\"url\":\"https:\/\/antwandigital.ca\/pointe-du-buisson\/a-propos\/\",\"name\":\"\u00c0 propos - Pointe-du-Buisson\",\"isPartOf\":{\"@id\":\"https:\/\/antwandigital.ca\/pointe-du-buisson\/#website\"},\"datePublished\":\"2024-02-12T16:56:50+00:00\",\"dateModified\":\"2024-03-07T14:57:25+00:00\",\"description\":\"\u00c0 propos: Pointe-du-Buisson est un lieu vivant d\u2019\u00e9changes, de savoirs et de r\u00e9f\u00e9rence qui permet l\u2019avancement des connaissances scientifiques, plus particuli\u00e8rement de l\u2019arch\u00e9ologie.\",\"breadcrumb\":{\"@id\":\"https:\/\/antwandigital.ca\/pointe-du-buisson\/a-propos\/#breadcrumb\"},\"inLanguage\":\"fr-FR\",\"potentialAction\":[{\"@type\":\"ReadAction\",\"target\":[\"https:\/\/antwandigital.ca\/pointe-du-buisson\/a-propos\/\"]}]},{\"@type\":\"BreadcrumbList\",\"@id\":\"https:\/\/antwandigital.ca\/pointe-du-buisson\/a-propos\/#breadcrumb\",\"itemListElement\":[{\"@type\":\"ListItem\",\"position\":1,\"name\":\"Accueil\",\"item\":\"https:\/\/antwandigital.ca\/pointe-du-buisson\/\"},{\"@type\":\"ListItem\",\"position\":2,\"name\":\"\u00c0 propos\"}]},{\"@type\":\"WebSite\",\"@id\":\"https:\/\/antwandigital.ca\/pointe-du-buisson\/#website\",\"url\":\"https:\/\/antwandigital.ca\/pointe-du-buisson\/\",\"name\":\"Pointe-du-Buisson\",\"description\":\"\",\"publisher\":{\"@id\":\"https:\/\/antwandigital.ca\/pointe-du-buisson\/#organization\"},\"potentialAction\":[{\"@type\":\"SearchAction\",\"target\":{\"@type\":\"EntryPoint\",\"urlTemplate\":\"https:\/\/antwandigital.ca\/pointe-du-buisson\/?s={search_term_string}\"},\"query-input\":\"required name=search_term_string\"}],\"inLanguage\":\"fr-FR\"},{\"@type\":\"Organization\",\"@id\":\"https:\/\/antwandigital.ca\/pointe-du-buisson\/#organization\",\"name\":\"Pointe-du-Buisson\",\"url\":\"https:\/\/antwandigital.ca\/pointe-du-buisson\/\",\"logo\":{\"@type\":\"ImageObject\",\"inLanguage\":\"fr-FR\",\"@id\":\"https:\/\/antwandigital.ca\/pointe-du-buisson\/#\/schema\/logo\/image\/\",\"url\":\"https:\/\/antwandigital.ca\/pointe-du-buisson\/wp-content\/uploads\/2024\/03\/logo.png\",\"contentUrl\":\"https:\/\/antwandigital.ca\/pointe-du-buisson\/wp-content\/uploads\/2024\/03\/logo.png\",\"width\":444,\"height\":80,\"caption\":\"Pointe-du-Buisson\"},\"image\":{\"@id\":\"https:\/\/antwandigital.ca\/pointe-du-buisson\/#\/schema\/logo\/image\/\"},\"sameAs\":[\"https:\/\/www.facebook.com\/pointedubuisson.museequebecoisdarcheologie?fref=ts\",\"https:\/\/twitter.com\/PointeDuBuisson\",\"https:\/\/www.instagram.com\/explore\/locations\/974268018\/pointe-du-buisson\/\"]}]}<\/script>\n<!-- \/ Yoast SEO plugin. -->","yoast_head_json":{"title":"\u00c0 propos - Pointe-du-Buisson","description":"\u00c0 propos: Pointe-du-Buisson est un lieu vivant d\u2019\u00e9changes, de savoirs et de r\u00e9f\u00e9rence qui permet l\u2019avancement des connaissances scientifiques, plus particuli\u00e8rement de l\u2019arch\u00e9ologie.","robots":{"index":"index","follow":"follow","max-snippet":"max-snippet:-1","max-image-preview":"max-image-preview:large","max-video-preview":"max-video-preview:-1"},"canonical":"https:\/\/antwandigital.ca\/pointe-du-buisson\/a-propos\/","og_locale":"fr_FR","og_type":"article","og_title":"\u00c0 propos","og_description":"\u00c0 propos: Pointe-du-Buisson est un lieu vivant d\u2019\u00e9changes, de savoirs et de r\u00e9f\u00e9rence qui permet l\u2019avancement des connaissances scientifiques, plus particuli\u00e8rement de l\u2019arch\u00e9ologie.","og_url":"https:\/\/antwandigital.ca\/pointe-du-buisson\/a-propos\/","og_site_name":"Pointe-du-Buisson","article_publisher":"https:\/\/www.facebook.com\/pointedubuisson.museequebecoisdarcheologie?fref=ts","article_modified_time":"2024-03-07T14:57:25+00:00","og_image":[{"width":1884,"height":1019,"url":"https:\/\/antwandigital.ca\/pointe-du-buisson\/wp-content\/uploads\/2024\/03\/propos.png","type":"image\/png"}],"twitter_card":"summary_large_image","twitter_title":"\u00c0 propos","twitter_description":"\u00c0 propos: Pointe-du-Buisson est un lieu vivant d\u2019\u00e9changes, de savoirs et de r\u00e9f\u00e9rence qui permet l\u2019avancement des connaissances scientifiques, plus particuli\u00e8rement de l\u2019arch\u00e9ologie.","twitter_image":"https:\/\/antwandigital.ca\/pointe-du-buisson\/wp-content\/uploads\/2024\/03\/propos.png","twitter_site":"@PointeDuBuisson","schema":{"@context":"https:\/\/schema.org","@graph":[{"@type":"WebPage","@id":"https:\/\/antwandigital.ca\/pointe-du-buisson\/a-propos\/","url":"https:\/\/antwandigital.ca\/pointe-du-buisson\/a-propos\/","name":"\u00c0 propos - Pointe-du-Buisson","isPartOf":{"@id":"https:\/\/antwandigital.ca\/pointe-du-buisson\/#website"},"datePublished":"2024-02-12T16:56:50+00:00","dateModified":"2024-03-07T14:57:25+00:00","description":"\u00c0 propos: Pointe-du-Buisson est un lieu vivant d\u2019\u00e9changes, de savoirs et de r\u00e9f\u00e9rence qui permet l\u2019avancement des connaissances scientifiques, plus particuli\u00e8rement de l\u2019arch\u00e9ologie.","breadcrumb":{"@id":"https:\/\/antwandigital.ca\/pointe-du-buisson\/a-propos\/#breadcrumb"},"inLanguage":"fr-FR","potentialAction":[{"@type":"ReadAction","target":["https:\/\/antwandigital.ca\/pointe-du-buisson\/a-propos\/"]}]},{"@type":"BreadcrumbList","@id":"https:\/\/antwandigital.ca\/pointe-du-buisson\/a-propos\/#breadcrumb","itemListElement":[{"@type":"ListItem","position":1,"name":"Accueil","item":"https:\/\/antwandigital.ca\/pointe-du-buisson\/"},{"@type":"ListItem","position":2,"name":"\u00c0 propos"}]},{"@type":"WebSite","@id":"https:\/\/antwandigital.ca\/pointe-du-buisson\/#website","url":"https:\/\/antwandigital.ca\/pointe-du-buisson\/","name":"Pointe-du-Buisson","description":"","publisher":{"@id":"https:\/\/antwandigital.ca\/pointe-du-buisson\/#organization"},"potentialAction":[{"@type":"SearchAction","target":{"@type":"EntryPoint","urlTemplate":"https:\/\/antwandigital.ca\/pointe-du-buisson\/?s={search_term_string}"},"query-input":"required name=search_term_string"}],"inLanguage":"fr-FR"},{"@type":"Organization","@id":"https:\/\/antwandigital.ca\/pointe-du-buisson\/#organization","name":"Pointe-du-Buisson","url":"https:\/\/antwandigital.ca\/pointe-du-buisson\/","logo":{"@type":"ImageObject","inLanguage":"fr-FR","@id":"https:\/\/antwandigital.ca\/pointe-du-buisson\/#\/schema\/logo\/image\/","url":"https:\/\/antwandigital.ca\/pointe-du-buisson\/wp-content\/uploads\/2024\/03\/logo.png","contentUrl":"https:\/\/antwandigital.ca\/pointe-du-buisson\/wp-content\/uploads\/2024\/03\/logo.png","width":444,"height":80,"caption":"Pointe-du-Buisson"},"image":{"@id":"https:\/\/antwandigital.ca\/pointe-du-buisson\/#\/schema\/logo\/image\/"},"sameAs":["https:\/\/www.facebook.com\/pointedubuisson.museequebecoisdarcheologie?fref=ts","https:\/\/twitter.com\/PointeDuBuisson","https:\/\/www.instagram.com\/explore\/locations\/974268018\/pointe-du-buisson\/"]}]}},"_links":{"self":[{"href":"https:\/\/antwandigital.ca\/pointe-du-buisson\/wp-json\/wp\/v2\/pages\/40","targetHints":{"allow":["GET"]}}],"collection":[{"href":"https:\/\/antwandigital.ca\/pointe-du-buisson\/wp-json\/wp\/v2\/pages"}],"about":[{"href":"https:\/\/antwandigital.ca\/pointe-du-buisson\/wp-json\/wp\/v2\/types\/page"}],"author":[{"embeddable":true,"href":"https:\/\/antwandigital.ca\/pointe-du-buisson\/wp-json\/wp\/v2\/users\/4"}],"replies":[{"embeddable":true,"href":"https:\/\/antwandigital.ca\/pointe-du-buisson\/wp-json\/wp\/v2\/comments?post=40"}],"version-history":[{"count":22,"href":"https:\/\/antwandigital.ca\/pointe-du-buisson\/wp-json\/wp\/v2\/pages\/40\/revisions"}],"predecessor-version":[{"id":661,"href":"https:\/\/antwandigital.ca\/pointe-du-buisson\/wp-json\/wp\/v2\/pages\/40\/revisions\/661"}],"wp:attachment":[{"href":"https:\/\/antwandigital.ca\/pointe-du-buisson\/wp-json\/wp\/v2\/media?parent=40"}],"curies":[{"name":"wp","href":"https:\/\/api.w.org\/{rel}","templated":true}]}}